{"id":16153,"date":"2015-09-21T22:18:56","date_gmt":"2015-09-21T20:18:56","guid":{"rendered":"https:\/\/www.studio-valle.com\/?page_id=16153"},"modified":"2017-03-03T12:55:22","modified_gmt":"2017-03-03T11:55:22","slug":"mission","status":"publish","type":"page","link":"https:\/\/www.studio-valle.com\/it\/contacts\/mission\/","title":{"rendered":"Missione"},"content":{"rendered":"<p>[vc_row row_type=&#8221;row&#8221; use_row_as_full_screen_section=&#8221;no&#8221; type=&#8221;full_width&#8221; angled_section=&#8221;no&#8221; text_align=&#8221;left&#8221; background_image_as_pattern=&#8221;without_pattern&#8221; css_animation=&#8221;&#8221;][vc_column][vc_column_text]<\/p>\n<h3 style=\"text-align: center;\">Missione<\/h3>\n<p>[\/vc_column_text][vc_empty_space height=&#8221;45px&#8221;][vc_column_text]Importanti operazioni immobiliari ed investimenti di alto livello sono attivamente conseguite in collaborazione con istituti bancari, fondi di investimento e societ\u00e0 immobiliari su tutto il territorio italiano ed estero. Investimenti personali e propriet\u00e0 private sono garantite nei pi\u00f9 importanti centri storici &#8211; commerciali e nelle pi\u00f9 prestigiose locations turistiche italiane ed internazionali.<\/p>\n<p>&nbsp;<\/p>\n<p>La vendita viene condotta tramite pubblicit\u00e0 mirata su riviste di rappresentanza e conoscenze di alto livello, con assoluta discrezione e seguita dall\u2019inizio del mandato fino all\u2019atto notarile.<\/p>\n<p>&nbsp;<\/p>\n<p>Grande importanza hanno le locazioni a medio-lungo termine di immobili di alta rappresentanza con tempistiche di vendita \/ acquisizione \/ locazione di: 1\/6 mesi per appartamenti o unit\u00e0 di medie dimensioni 6 mesi \/ 1 anno per immobili pi\u00f9 completi, ville o particolari situazioni.<\/p>\n<p>&nbsp;<\/p>\n<p>La collaborazione con importanti esperti d&#8217;arte di levatura internazionale pu\u00f2 servire la clientela riguardo dismissioni di beni mobili ed artistici d&#8217;eccellenza.<\/p>\n<p>&nbsp;<\/p>\n<p>Completa assistenza \u00e8 garantita in tutti i molteplici ambiti della compravendita: architetto, interior designer, garden designer, web designer, assistente grafico e nuove tecnologie, commercialista, avvocato, notaio.<\/p>\n<p>&nbsp;<\/p>\n<p>Favorevoli convenzioni con i principali\u00a0istituti\u00a0di\u00a0credito. Tutte le\u00a0consulenze sono gi\u00e0 comprese nel servizio.[\/vc_column_text][\/vc_column][\/vc_row]<\/p>\n<p>[vc_empty_space height=&#8221;45px&#8221;]<\/p>\n","protected":false},"excerpt":{"rendered":"<p>[vc_row row_type=&#8221;row&#8221; use_row_as_full_screen_section=&#8221;no&#8221; type=&#8221;full_width&#8221; angled_section=&#8221;no&#8221; text_align=&#8221;left&#8221; background_image_as_pattern=&#8221;without_pattern&#8221; css_animation=&#8221;&#8221;][vc_column][vc_column_text] Missione [\/vc_column_text][vc_empty_space height=&#8221;45px&#8221;][vc_column_text]Importanti operazioni immobiliari ed investimenti di alto livello sono attivamente conseguite in collaborazione con istituti bancari, fondi di investimento e societ\u00e0 immobiliari su tutto il territorio italiano ed estero. Investimenti personali e propriet\u00e0 private sono garantite nei pi\u00f9 importanti centri storici &#8211; commerciali e nelle pi\u00f9 prestigiose locations turistiche italiane ed internazionali. &nbsp; La vendita viene condotta tramite pubblicit\u00e0 mirata su riviste di rappresentanza e conoscenze di alto livello, con assoluta discrezione e seguita dall\u2019inizio del mandato fino all\u2019atto notarile. &nbsp; Grande importanza hanno le locazioni a medio-lungo termine di immobili di alta rappresentanza con tempistiche di vendita \/ acquisizione \/ locazione di: 1\/6 mesi per appartamenti o unit\u00e0 di medie dimensioni 6 mesi \/ 1 anno per immobili pi\u00f9 completi, ville o particolari situazioni. &nbsp; La collaborazione con importanti esperti d&#8217;arte di levatura internazionale pu\u00f2 servire la clientela riguardo&#8230;<\/p>\n","protected":false},"author":1,"featured_media":0,"parent":16149,"menu_order":0,"comment_status":"closed","ping_status":"closed","template":"","meta":{"footnotes":""},"class_list":["post-16153","page","type-page","status-publish","hentry"],"_links":{"self":[{"href":"https:\/\/www.studio-valle.com\/it\/wp-json\/wp\/v2\/pages\/16153","targetHints":{"allow":["GET"]}}],"collection":[{"href":"https:\/\/www.studio-valle.com\/it\/wp-json\/wp\/v2\/pages"}],"about":[{"href":"https:\/\/www.studio-valle.com\/it\/wp-json\/wp\/v2\/types\/page"}],"author":[{"embeddable":true,"href":"https:\/\/www.studio-valle.com\/it\/wp-json\/wp\/v2\/users\/1"}],"replies":[{"embeddable":true,"href":"https:\/\/www.studio-valle.com\/it\/wp-json\/wp\/v2\/comments?post=16153"}],"version-history":[{"count":14,"href":"https:\/\/www.studio-valle.com\/it\/wp-json\/wp\/v2\/pages\/16153\/revisions"}],"predecessor-version":[{"id":25548,"href":"https:\/\/www.studio-valle.com\/it\/wp-json\/wp\/v2\/pages\/16153\/revisions\/25548"}],"up":[{"embeddable":true,"href":"https:\/\/www.studio-valle.com\/it\/wp-json\/wp\/v2\/pages\/16149"}],"wp:attachment":[{"href":"https:\/\/www.studio-valle.com\/it\/wp-json\/wp\/v2\/media?parent=16153"}],"curies":[{"name":"wp","href":"https:\/\/api.w.org\/{rel}","templated":true}]}}