{"id":16155,"date":"2015-09-21T22:21:08","date_gmt":"2015-09-21T20:21:08","guid":{"rendered":"https:\/\/www.studio-valle.com\/?page_id=16155"},"modified":"2017-03-03T12:56:44","modified_gmt":"2017-03-03T11:56:44","slug":"profile","status":"publish","type":"page","link":"https:\/\/www.studio-valle.com\/it\/contacts\/profile\/","title":{"rendered":"Profilo"},"content":{"rendered":"<p>[vc_row row_type=&#8221;row&#8221; use_row_as_full_screen_section=&#8221;no&#8221; type=&#8221;full_width&#8221; angled_section=&#8221;no&#8221; text_align=&#8221;left&#8221; background_image_as_pattern=&#8221;without_pattern&#8221; css_animation=&#8221;&#8221;][vc_column][vc_column_text]<\/p>\n<h3 style=\"text-align: center;\">Profilo<\/h3>\n<p>[\/vc_column_text][vc_empty_space height=&#8221;45px&#8221;][vc_single_image image=&#8221;16424&#8243; img_size=&#8221;large&#8221; alignment=&#8221;center&#8221; style=&#8221;vc_box_shadow_3d&#8221; qode_css_animation=&#8221;&#8221;][vc_empty_space height=&#8221;45px&#8221;][vc_column_text]<\/p>\n<p>Studio immobiliare Valle nasce nel 1999 creato sulle basi di un costante coinvolgimento nel campo immobiliare della titolare Flaminia Valle sin dal 1982 impegnata di fatto nei pi\u00f9 svariati ambiti del settore.<\/p>\n<p>&nbsp;<\/p>\n<p>ll nostro indirizzo, rivolto quasi esclusivamente agli immobili di grande pregio e operazioni immobiliari di elevata importanza impone la pi\u00f9 alta professionalit\u00e0, seriet\u00e0 e competenza.<\/p>\n<p>&nbsp;<\/p>\n<p>Studio Immobiliare Valle \u00e8 tra le prime societ\u00e0 di intermediazione immobiliare italiane ad accedere al mercato globale grazie all\u2019utilizzo pionieristico del mercato web, difatti Studio Immobiliare Valle \u00e8 tra i primi nel settore a creare una rete commerciale tramite il web, a fornire alla clientela un efficiente servizio di commercializzazione on line gi\u00e0 agli albori di questa tecnologia.<\/p>\n<p>&nbsp;<\/p>\n<p>Oggi Studio Immobiliare Valle commercializza immobili in Italia ed in oltre 30 paesi del mondo monitorando il mercato locale ed i mercati emergenti per fornire alla clientela un offerta sempre aggiornata, puntuale e efficiente, nonch\u00e9 per offrire sempre i migliori immobili ed investimenti nelle posizioni di maggiore interesse globale.<\/p>\n<p>&nbsp;<\/p>\n<p>Nel lungo corso della crescita professionale dell\u2019azienda Studio Immobiliare Valle ha instaurato rapporti commerciali con molte delle pi\u00f9 importanti societ\u00e0 di costruzioni internazionali, \u00e8 divenuta partner di importanti istituti di credito per dismissioni di patrimoni immobiliari, \u00e8 divenuta consulente di alcune tra le pi\u00f9 importanti societ\u00e0 di investimenti italiane ed internazionali.<\/p>\n<p>&nbsp;<\/p>\n<p>Studio Immobiliare Valle \u00e8 una realt\u00e0 solida nel complesso ambito immobiliare italiano nonch\u00e9 punto di riferimento di eccellenza professionale.<\/p>\n<p>[\/vc_column_text][vc_empty_space height=&#8221;45px&#8221;][\/vc_column][\/vc_row]<\/p>\n","protected":false},"excerpt":{"rendered":"<p>[vc_row row_type=&#8221;row&#8221; use_row_as_full_screen_section=&#8221;no&#8221; type=&#8221;full_width&#8221; angled_section=&#8221;no&#8221; text_align=&#8221;left&#8221; background_image_as_pattern=&#8221;without_pattern&#8221; css_animation=&#8221;&#8221;][vc_column][vc_column_text] Profilo [\/vc_column_text][vc_empty_space height=&#8221;45px&#8221;][vc_single_image image=&#8221;16424&#8243; img_size=&#8221;large&#8221; alignment=&#8221;center&#8221; style=&#8221;vc_box_shadow_3d&#8221; qode_css_animation=&#8221;&#8221;][vc_empty_space height=&#8221;45px&#8221;][vc_column_text] Studio immobiliare Valle nasce nel 1999 creato sulle basi di un costante coinvolgimento nel campo immobiliare della titolare Flaminia Valle sin dal 1982 impegnata di fatto nei pi\u00f9 svariati ambiti del settore. &nbsp; ll nostro indirizzo, rivolto quasi esclusivamente agli immobili di grande pregio e operazioni immobiliari di elevata importanza impone la pi\u00f9 alta professionalit\u00e0, seriet\u00e0 e competenza. &nbsp; Studio Immobiliare Valle \u00e8 tra le prime societ\u00e0 di intermediazione immobiliare italiane ad accedere al mercato globale grazie all\u2019utilizzo pionieristico del mercato web, difatti Studio Immobiliare Valle \u00e8 tra i primi nel settore a creare una rete commerciale tramite il web, a fornire alla clientela un efficiente servizio di commercializzazione on line gi\u00e0 agli albori di questa tecnologia. &nbsp; Oggi Studio Immobiliare Valle commercializza immobili in Italia ed in oltre 30 paesi del mondo&#8230;<\/p>\n","protected":false},"author":1,"featured_media":0,"parent":16149,"menu_order":0,"comment_status":"closed","ping_status":"closed","template":"","meta":{"footnotes":""},"class_list":["post-16155","page","type-page","status-publish","hentry"],"_links":{"self":[{"href":"https:\/\/www.studio-valle.com\/it\/wp-json\/wp\/v2\/pages\/16155","targetHints":{"allow":["GET"]}}],"collection":[{"href":"https:\/\/www.studio-valle.com\/it\/wp-json\/wp\/v2\/pages"}],"about":[{"href":"https:\/\/www.studio-valle.com\/it\/wp-json\/wp\/v2\/types\/page"}],"author":[{"embeddable":true,"href":"https:\/\/www.studio-valle.com\/it\/wp-json\/wp\/v2\/users\/1"}],"replies":[{"embeddable":true,"href":"https:\/\/www.studio-valle.com\/it\/wp-json\/wp\/v2\/comments?post=16155"}],"version-history":[{"count":11,"href":"https:\/\/www.studio-valle.com\/it\/wp-json\/wp\/v2\/pages\/16155\/revisions"}],"predecessor-version":[{"id":25549,"href":"https:\/\/www.studio-valle.com\/it\/wp-json\/wp\/v2\/pages\/16155\/revisions\/25549"}],"up":[{"embeddable":true,"href":"https:\/\/www.studio-valle.com\/it\/wp-json\/wp\/v2\/pages\/16149"}],"wp:attachment":[{"href":"https:\/\/www.studio-valle.com\/it\/wp-json\/wp\/v2\/media?parent=16155"}],"curies":[{"name":"wp","href":"https:\/\/api.w.org\/{rel}","templated":true}]}}